{"id":263344,"date":"2025-11-06T23:05:32","date_gmt":"2025-11-06T22:05:32","guid":{"rendered":"https:\/\/www.ophtalmo-obernai.com\/impressum\/"},"modified":"2025-11-10T11:02:09","modified_gmt":"2025-11-10T10:02:09","slug":"impressum","status":"publish","type":"page","link":"https:\/\/www.ophtalmo-obernai.com\/de\/impressum\/","title":{"rendered":"Impressum"},"content":{"rendered":"<p>[et_pb_section fb_built=&#8220;1&#8243; custom_padding_last_edited=&#8220;on|phone&#8220; _builder_version=&#8220;4.27.4&#8243; _module_preset=&#8220;default&#8220; custom_margin_tablet=&#8220;||0px||false|false&#8220; custom_margin_phone=&#8220;||0px||false|false&#8220; custom_margin_last_edited=&#8220;on|tablet&#8220; custom_padding=&#8220;30px|30px|0px|30px|false|false&#8220; custom_padding_tablet=&#8220;|30px|0px|30px|false|false&#8220; custom_padding_phone=&#8220;30px|30px|0px|30px|false|false&#8220; global_colors_info=&#8220;{}&#8220; theme_builder_area=&#8220;post_content&#8220;][et_pb_row _builder_version=&#8220;4.27.4&#8243; _module_preset=&#8220;default&#8220; width=&#8220;100%&#8220; max_width=&#8220;1200px&#8220; global_colors_info=&#8220;{}&#8220; theme_builder_area=&#8220;post_content&#8220;][et_pb_column type=&#8220;4_4&#8243; _builder_version=&#8220;4.24.2&#8243; _module_preset=&#8220;default&#8220; global_colors_info=&#8220;{}&#8220; theme_builder_area=&#8220;post_content&#8220;][et_pb_text content_tablet=&#8220;<\/p>\n<h1><span>Hochwertiges Sehen, spezialisierte Versorgung, Expertenteam<\/span><\/h1>\n<\/p>\n<h2>Sprechstunden<\/h2>\n<\/p>\n<p>Augen\u00e4rztliche Konsultationen sind unerl\u00e4sslich, um Sehfehler zu diagnostizieren und eine gute Augengesundheit zu erhalten. Jeder Sehfehler erh\u00e4lt eine angepasste Behandlung. <\/p>\n<p>&#8220; content_phone=&#8220;<\/p>\n<h1><span>Hochwertiges Sehen, spezialisierte Versorgung, Expertenteam<\/span><\/h1>\n<\/p>\n<h2>Sprechstunden<\/h2>\n<\/p>\n<p>Augen\u00e4rztliche Konsultationen sind unerl\u00e4sslich, um Sehfehler zu diagnostizieren und eine gute Augengesundheit zu erhalten. Jeder Sehfehler erh\u00e4lt eine angepasste Behandlung. <\/p>\n<p>&#8220; content_last_edited=&#8220;off|desktop&#8220; module_id=&#8220;customBlocTopPage&#8220; _builder_version=&#8220;4.27.4&#8243; _module_preset=&#8220;default&#8220; text_font=&#8220;Montserrat||||||||&#8220; text_text_color=&#8220;#000000&#8243; text_font_size=&#8220;16px&#8220; header_font=&#8220;Montserrat||||||||&#8220; header_text_align=&#8220;left&#8220; header_text_color=&#8220;#000000&#8243; header_font_size=&#8220;45px&#8220; header_line_height=&#8220;1.3em&#8220; header_2_font=&#8220;Montserrat||||||||&#8220; header_2_text_align=&#8220;center&#8220; header_2_text_color=&#8220;#000000&#8243; header_2_font_size=&#8220;45px&#8220; header_2_line_height=&#8220;1.3em&#8220; hover_enabled=&#8220;0&#8243; text_font_size_tablet=&#8220;15px&#8220; text_font_size_phone=&#8220;15px&#8220; text_font_size_last_edited=&#8220;on|tablet&#8220; header_font_size_tablet=&#8220;34px&#8220; header_font_size_phone=&#8220;34px&#8220; header_font_size_last_edited=&#8220;on|tablet&#8220; header_2_font_size_tablet=&#8220;34px&#8220; header_2_font_size_phone=&#8220;34px&#8220; header_2_font_size_last_edited=&#8220;on|tablet&#8220; custom_css_free_form=&#8220;#customBlocTopPage p {||  padding-bottom: 0px||}&#8220; global_colors_info=&#8220;{}&#8220; theme_builder_area=&#8220;post_content&#8220; sticky_enabled=&#8220;0&#8243;]<\/p>\n<p><span style=\"color: #007381; font-size: 20px;\">Augenheilkundliches Zentrum Bas-Rhin<\/span><\/p>\n<p>&nbsp;<\/p>\n<h1>Impressum<\/h1>\n<p>&nbsp;<\/p>\n<p>Herausgeber dieser Website: MID Digital<br \/>Firmenname: Augenzentrum Ste-Odile<br \/>Sitz der Gesellschaft: Rue du G\u00e9n\u00e9ral Leclerc 8, 67210 Obernai<br \/>Verantwortlich f\u00fcr den Inhalt: Dr. Gim\u00e9nez Carlos<br \/>Telefon: +33 3 88 49 90 10<br \/>E-Mail: contact@ophtalmo-obernai.com<br \/>Nominalkapital: 1.000 \u20ac<br \/>Rechtsform: Vereinfachte Aktiengesellschaft f\u00fcr freiberufliche T\u00e4tigkeit<br \/>Webhosting: Infomaniak Network SA\u2028Rue Eug\u00e8ne Marziano 25, 1227 Les Acacias (GE)\u2028T\u00e9l : +33 9 71 03 02 64 <\/p>\n<p>[\/et_pb_text][\/et_pb_column][\/et_pb_row][\/et_pb_section][et_pb_section fb_built=&#8220;1&#8243; custom_padding_last_edited=&#8220;on|phone&#8220; module_id=&#8220;Standort&#8220; _builder_version=&#8220;4.27.4&#8243; _module_preset=&#8220;default&#8220; positioning=&#8220;none&#8220; custom_margin=&#8220;||50px||false|false&#8220; custom_margin_tablet=&#8220;||50px||false|false&#8220; custom_margin_phone=&#8220;||50px||false|false&#8220; custom_margin_last_edited=&#8220;on|tablet&#8220; custom_padding=&#8220;|30px||30px|false|false&#8220; custom_padding_tablet=&#8220;|30px||30px|false|false&#8220; custom_padding_phone=&#8220;0px||||false|false&#8220; saved_tabs=&#8220;all&#8220; global_colors_info=&#8220;{}&#8220; global_module=&#8220;262892&#8243; theme_builder_area=&#8220;post_content&#8220;][et_pb_row column_structure=&#8220;1_2,1_2&#8243; use_custom_gutter=&#8220;on&#8220; gutter_width=&#8220;1&#8243; make_equal=&#8220;on&#8220; _builder_version=&#8220;4.27.4&#8243; _module_preset=&#8220;default&#8220; background_color=&#8220;rgba(217,217,217,0.3)&#8220; positioning=&#8220;none&#8220; width=&#8220;100%&#8220; max_width=&#8220;1170px&#8220; custom_padding=&#8220;0px||0px||false|false&#8220; border_radii=&#8220;on|28px|28px|28px|28px&#8220; global_colors_info=&#8220;{}&#8220; theme_builder_area=&#8220;post_content&#8220;][et_pb_column type=&#8220;1_2&#8243; _builder_version=&#8220;4.27.4&#8243; _module_preset=&#8220;default&#8220; positioning=&#8220;none&#8220; z_index=&#8220;0&#8243; global_colors_info=&#8220;{}&#8220; theme_builder_area=&#8220;post_content&#8220;][et_pb_text content_tablet=&#8220;<\/p>\n<\/p>\n<h2>Vision Future Switzerland<\/h2>\n<h3>Wie Sie zur Klinik gelangen<\/h3>\n<\/p>\n<p><img src=%22https:\/\/www.visionfuturesuisse.ch\/wp-content\/uploads\/\/FontAwsome-walking.svg%22 width=%2215%22 height=%2224%22 alt=%22%22 class=%22wp-image-3135 alignnone size-full%22 style=%22float: left;%22> 10 Gehminuten vom Bahnhof Nyon<\/p>\n<p><img src=%22https:\/\/www.visionfuturesuisse.ch\/wp-content\/uploads\/\/FontAwsome-car-alt.svg%22 width=%2225%22 height=%2220%22 alt=%22%22 class=%22wp-image-3136 alignnone size-full%22 style=%22float: left;%22> 5 Fahrminuten von der Autobahn (Ausfahrt 11)<\/p>\n<p><img src=%22https:\/\/www.visionfuturesuisse.ch\/wp-content\/uploads\/\/FontAwsome-parking.svg%22 width=%2224%22 height=%2224%22 alt=%22%22 class=%22wp-image-3137 alignnone size-full%22 style=%22float: left;%22> Parkpl\u00e4tze sind vor der Klinik verf\u00fcgbar<\/p>\n<\/p>\n<p>&#8220; content_phone=&#8220;<\/p>\n<\/p>\n<h2>Vision Future Switzerland<\/h2>\n<h3>Wie Sie zur Klinik gelangen<\/h3>\n<\/p>\n<p><img src=%22https:\/\/www.visionfuturesuisse.ch\/wp-content\/uploads\/\/FontAwsome-walking.svg%22 width=%2215%22 height=%2224%22 alt=%22%22 class=%22wp-image-3135 alignnone size-full%22 style=%22float: left;%22> 10 Gehminuten vom Bahnhof Nyon<\/p>\n<p><img src=%22https:\/\/www.visionfuturesuisse.ch\/wp-content\/uploads\/\/FontAwsome-car-alt.svg%22 width=%2225%22 height=%2220%22 alt=%22%22 class=%22wp-image-3136 alignnone size-full%22 style=%22float: left;%22> 5 Fahrminuten von der Autobahn (Ausfahrt 11)<\/p>\n<p><img src=%22https:\/\/www.visionfuturesuisse.ch\/wp-content\/uploads\/\/FontAwsome-parking.svg%22 width=%2224%22 height=%2224%22 alt=%22%22 class=%22wp-image-3137 alignnone size-full%22 style=%22float: left;%22> Parkpl\u00e4tze sind vor der Klinik verf\u00fcgbar<\/p>\n<\/p>\n<p>&#8220; content_last_edited=&#8220;off|desktop&#8220; module_id=&#8220;cardCustomRendre&#8220; _builder_version=&#8220;4.27.4&#8243; _module_preset=&#8220;default&#8220; text_font=&#8220;Montserrat||||||||&#8220; text_text_color=&#8220;#020a38&#8243; text_font_size=&#8220;16px&#8220; header_2_font=&#8220;Montserrat|500|||||||&#8220; header_2_text_align=&#8220;left&#8220; header_2_text_color=&#8220;#019fb2&#8243; header_2_font_size=&#8220;18px&#8220; header_2_line_height=&#8220;1.8em&#8220; header_3_font=&#8220;Montserrat||||||||&#8220; header_3_text_align=&#8220;left&#8220; header_3_text_color=&#8220;#020a38&#8243; header_3_font_size=&#8220;35px&#8220; header_3_line_height=&#8220;1.3em&#8220; custom_margin=&#8220;||||false|false&#8220; custom_padding=&#8220;40px|50px|40px|50px|true|true&#8220; custom_padding_tablet=&#8220;&#8220; custom_padding_phone=&#8220;40px|20px|40px|20px|true|true&#8220; custom_padding_last_edited=&#8220;on|phone&#8220; text_font_size_tablet=&#8220;15px&#8220; text_font_size_phone=&#8220;14px&#8220; text_font_size_last_edited=&#8220;on|tablet&#8220; header_3_font_size_tablet=&#8220;24px&#8220; header_3_font_size_phone=&#8220;&#8220; header_3_font_size_last_edited=&#8220;on|tablet&#8220; custom_css_free_form=&#8220;div#cardCustomRendre img {||    height: 25px;||    margin-right: 10px;||}||div#cardCustomRendre p:nth-child(4) img {||    position: relative;||    left: 6px;||}||div#cardCustomRendre p:nth-child(4) img {||    position: relative;||    left: 6px;||    margin-right: 20px;||}||span.footer2icon.footericon {||    display: inline-block;||    margin-top: 15px;||    margin-bottom: 15px;||}&#8220; global_colors_info=&#8220;{}&#8220; theme_builder_area=&#8220;post_content&#8220;]<\/p>\n<h2>OBERNAI<\/h2>\n<h3>Wie gelangen Sie<br \/>zum Zentrum?<\/h3>\n<p>&nbsp;<\/p>\n<p><span class=\"footer1icon footericon\"><img loading=\"lazy\" decoding=\"async\" src=\"https:\/\/www.ophtalmo-obernai.com\/wp-content\/uploads\/2025\/11\/Icon-Comment-se-rendre-au-Centre-Ophtalmo-Obernai.svg\" width=\"15\" height=\"24\" alt=\"\" class=\"wp-image-3135 alignnone size-full\" style=\"float: left;\">Bus 1 \u2013 Haltestelle Frepel<\/span><\/p>\n<p><span class=\"footer2icon footericon\"><img loading=\"lazy\" decoding=\"async\" src=\"https:\/\/www.ophtalmo-obernai.com\/wp-content\/uploads\/2025\/11\/Icon-Comment-se-rendre-au-Centre-SNCF-Ophtalmo-Obernai.svg\" width=\"25\" height=\"20\" alt=\"\" class=\"wp-image-3136 alignnone size-full\" style=\"float: left;\">SNCF Bahnhof Obernai 3 Gehminuten<\/span><\/p>\n<p><span class=\"footer3icon footericon\"><img loading=\"lazy\" decoding=\"async\" src=\"https:\/\/www.ophtalmo-obernai.com\/wp-content\/uploads\/2025\/11\/Icon-Comment-se-rendre-au-Centre-parking-Ophtalmo-Obernai.svg\" width=\"24\" height=\"24\" alt=\"\" class=\"wp-image-3137 alignnone size-full\" style=\"float: left;\">12 kostenlose Parkpl\u00e4tze vor dem Zentrum verf\u00fcgbar<\/span><\/p>\n<p>[\/et_pb_text][et_pb_button button_url=&#8220;@ET-DC@eyJkeW5hbWljIjp0cnVlLCJjb250ZW50IjoicG9zdF9saW5rX3VybF9wYWdlIiwic2V0dGluZ3MiOnsicG9zdF9pZCI6IjQxNDIifX0=@&#8220; button_text=&#8220;Termin online vereinbaren&#8220; button_alignment=&#8220;center&#8220; _builder_version=&#8220;4.27.4&#8243; _dynamic_attributes=&#8220;button_url&#8220; _module_preset=&#8220;default&#8220; custom_button=&#8220;on&#8220; button_text_size=&#8220;16px&#8220; button_text_color=&#8220;#FFFFFF&#8220; button_bg_color=&#8220;#007381&#8243; button_border_color=&#8220;#007381&#8243; button_border_radius=&#8220;31px&#8220; button_font=&#8220;Montserrat|500|||||||&#8220; custom_margin=&#8220;50px||||false|false&#8220; custom_margin_tablet=&#8220;20px||50px||false|false&#8220; custom_margin_phone=&#8220;&#8220; custom_margin_last_edited=&#8220;on|tablet&#8220; custom_padding=&#8220;10px||10px||false|false&#8220; box_shadow_style=&#8220;preset3&#8243; global_colors_info=&#8220;{}&#8220; button_bg_color__hover_enabled=&#8220;on|hover&#8220; button_bg_color__hover=&#8220;#007381&#8243; button_bg_enable_color__hover=&#8220;on&#8220; button_border_color__hover_enabled=&#8220;on|hover&#8220; button_border_color__hover=&#8220;#007381&#8243; theme_builder_area=&#8220;post_content&#8220;][\/et_pb_button][\/et_pb_column][et_pb_column type=&#8220;1_2&#8243; _builder_version=&#8220;4.24.2&#8243; _module_preset=&#8220;default&#8220; positioning=&#8220;none&#8220; z_index=&#8220;0&#8243; global_colors_info=&#8220;{}&#8220; theme_builder_area=&#8220;post_content&#8220;][dsm_embed_google_map address=&#8220; Augenheilkundliches Zentrum Sainte Odile&#8220; zoom=&#8220;14&#8243; _builder_version=&#8220;4.27.4&#8243; _module_preset=&#8220;default&#8220; height=&#8220;550px&#8220; custom_margin=&#8220;0px||0px||false|false&#8220; custom_padding=&#8220;0px||0px||false|false&#8220; global_colors_info=&#8220;{}&#8220; theme_builder_area=&#8220;post_content&#8220;][\/dsm_embed_google_map][\/et_pb_column][\/et_pb_row][\/et_pb_section]<\/p>\n","protected":false},"excerpt":{"rendered":"<p>Augenheilkundliches Zentrum Bas-Rhin &nbsp; Impressum &nbsp; Herausgeber dieser Website: MID DigitalFirmenname: Augenzentrum Ste-OdileSitz der Gesellschaft: Rue du G\u00e9n\u00e9ral Leclerc 8, 67210 ObernaiVerantwortlich f\u00fcr den Inhalt: Dr. Gim\u00e9nez CarlosTelefon: +33 3 88 49 90 10E-Mail: contact@ophtalmo-obernai.comNominalkapital: 1.000 \u20acRechtsform: Vereinfachte Aktiengesellschaft f\u00fcr freiberufliche T\u00e4tigkeitWebhosting: Infomaniak Network SA\u2028Rue Eug\u00e8ne Marziano 25, 1227 Les Acacias (GE)\u2028T\u00e9l : +33 9 71 03 02 64 OBERNAI Wie gelangen Siezum Zentrum? &nbsp; Bus 1 \u2013 Haltestelle Frepel SNCF Bahnhof Obernai 3 Gehminuten 12 kostenlose Parkpl\u00e4tze vor dem Zentrum verf\u00fcgbar<div class=\"et_pb_module dsm_embed_google_map dsm_embed_google_map_0\">\n\t\t\t\t\n\t\t\t\t\n\t\t\t\t\n\t\t\t\t\n\t\t\t\t\n\t\t\t\t\n\t\t\t\t<div class=\"et_pb_module_inner\">\n\t\t\t\t\t<iframe loading=\"lazy\" frameborder=\"0\" scrolling=\"no\" marginheight=\"0\" marginwidth=\"0\" referrerPolicy=\"no-referrer-when-downgrade\" src=\"https:\/\/maps.google.com\/maps?q=%20Augenheilkundliches%20Zentrum%20Sainte%20Odile&amp;t=m&amp;z=14&amp;output=embed&amp;iwloc=near&hl=de_DE\" aria-label=\" Augenheilkundliches Zentrum Sainte Odile\"><\/iframe>\n\t\t\t\t<\/div>\n\t\t\t<\/div><\/p>\n","protected":false},"author":1,"featured_media":0,"parent":0,"menu_order":0,"comment_status":"closed","ping_status":"closed","template":"","meta":{"_et_pb_use_builder":"on","_et_pb_old_content":"","_et_gb_content_width":"","inline_featured_image":false,"footnotes":""},"class_list":["post-263344","page","type-page","status-publish","hentry"],"yoast_head":"<!-- This site is optimized with the Yoast SEO plugin v27.1.1 - https:\/\/yoast.com\/product\/yoast-seo-wordpress\/ -->\n<title>Impressum - Centre Ophtalmologique \u00e0 Obernai - Prendre rendez-vous en ligne<\/title>\n<meta name=\"robots\" content=\"index, follow, max-snippet:-1, max-image-preview:large, max-video-preview:-1\" \/>\n<link rel=\"canonical\" href=\"https:\/\/www.ophtalmo-obernai.com\/de\/impressum\/\" \/>\n<meta property=\"og:locale\" content=\"de_DE\" \/>\n<meta property=\"og:type\" content=\"article\" \/>\n<meta property=\"og:title\" content=\"Impressum - Centre Ophtalmologique \u00e0 Obernai - Prendre rendez-vous en ligne\" \/>\n<meta property=\"og:description\" content=\"Augenheilkundliches Zentrum Bas-Rhin &nbsp; Impressum &nbsp; Herausgeber dieser Website: MID DigitalFirmenname: Augenzentrum Ste-OdileSitz der Gesellschaft: Rue du G\u00e9n\u00e9ral Leclerc 8, 67210 ObernaiVerantwortlich f\u00fcr den Inhalt: Dr. Gim\u00e9nez CarlosTelefon: +33 3 88 49 90 10E-Mail: contact@ophtalmo-obernai.comNominalkapital: 1.000 \u20acRechtsform: Vereinfachte Aktiengesellschaft f\u00fcr freiberufliche T\u00e4tigkeitWebhosting: Infomaniak Network SA\u2028Rue Eug\u00e8ne Marziano 25, 1227 Les Acacias (GE)\u2028T\u00e9l : +33 9 71 03 02 64 OBERNAI Wie gelangen Siezum Zentrum? &nbsp; Bus 1 \u2013 Haltestelle Frepel SNCF Bahnhof Obernai 3 Gehminuten 12 kostenlose Parkpl\u00e4tze vor dem Zentrum verf\u00fcgbar\" \/>\n<meta property=\"og:url\" content=\"https:\/\/www.ophtalmo-obernai.com\/de\/impressum\/\" \/>\n<meta property=\"og:site_name\" content=\"Centre Ophtalmologique \u00e0 Obernai - Prendre rendez-vous en ligne\" \/>\n<meta property=\"article:modified_time\" content=\"2025-11-10T10:02:09+00:00\" \/>\n<meta property=\"og:image\" content=\"https:\/\/www.ophtalmo-obernai.com\/wp-content\/uploads\/2025\/11\/Icon-Comment-se-rendre-au-Centre-Ophtalmo-Obernai.svg\" \/>\n<meta name=\"twitter:card\" content=\"summary_large_image\" \/>\n<meta name=\"twitter:label1\" content=\"Gesch\u00e4tzte Lesezeit\" \/>\n\t<meta name=\"twitter:data1\" content=\"5\u00a0Minuten\" \/>\n<script type=\"application\/ld+json\" class=\"yoast-schema-graph\">{\"@context\":\"https:\/\/schema.org\",\"@graph\":[{\"@type\":\"WebPage\",\"@id\":\"https:\/\/www.ophtalmo-obernai.com\/de\/impressum\/\",\"url\":\"https:\/\/www.ophtalmo-obernai.com\/de\/impressum\/\",\"name\":\"Impressum - Centre Ophtalmologique \u00e0 Obernai - Prendre rendez-vous en ligne\",\"isPartOf\":{\"@id\":\"https:\/\/www.ophtalmo-obernai.com\/de\/#website\"},\"primaryImageOfPage\":{\"@id\":\"https:\/\/www.ophtalmo-obernai.com\/de\/impressum\/#primaryimage\"},\"image\":{\"@id\":\"https:\/\/www.ophtalmo-obernai.com\/de\/impressum\/#primaryimage\"},\"thumbnailUrl\":\"https:\/\/www.ophtalmo-obernai.com\/wp-content\/uploads\/2025\/11\/Icon-Comment-se-rendre-au-Centre-Ophtalmo-Obernai.svg\",\"datePublished\":\"2025-11-06T22:05:32+00:00\",\"dateModified\":\"2025-11-10T10:02:09+00:00\",\"breadcrumb\":{\"@id\":\"https:\/\/www.ophtalmo-obernai.com\/de\/impressum\/#breadcrumb\"},\"inLanguage\":\"de\",\"potentialAction\":[{\"@type\":\"ReadAction\",\"target\":[\"https:\/\/www.ophtalmo-obernai.com\/de\/impressum\/\"]}]},{\"@type\":\"ImageObject\",\"inLanguage\":\"de\",\"@id\":\"https:\/\/www.ophtalmo-obernai.com\/de\/impressum\/#primaryimage\",\"url\":\"https:\/\/www.ophtalmo-obernai.com\/wp-content\/uploads\/2025\/11\/Icon-Comment-se-rendre-au-Centre-Ophtalmo-Obernai.svg\",\"contentUrl\":\"https:\/\/www.ophtalmo-obernai.com\/wp-content\/uploads\/2025\/11\/Icon-Comment-se-rendre-au-Centre-Ophtalmo-Obernai.svg\"},{\"@type\":\"BreadcrumbList\",\"@id\":\"https:\/\/www.ophtalmo-obernai.com\/de\/impressum\/#breadcrumb\",\"itemListElement\":[{\"@type\":\"ListItem\",\"position\":1,\"name\":\"Accueil\",\"item\":\"https:\/\/www.ophtalmo-obernai.com\/de\/\"},{\"@type\":\"ListItem\",\"position\":2,\"name\":\"Impressum\"}]},{\"@type\":\"WebSite\",\"@id\":\"https:\/\/www.ophtalmo-obernai.com\/de\/#website\",\"url\":\"https:\/\/www.ophtalmo-obernai.com\/de\/\",\"name\":\"Centre Ophtalmologique \u00e0 Obernai - Prendre rendez-vous en ligne\",\"description\":\"Ophtalmologue \u00e0 Obernai\",\"publisher\":{\"@id\":\"https:\/\/www.ophtalmo-obernai.com\/de\/#organization\"},\"potentialAction\":[{\"@type\":\"SearchAction\",\"target\":{\"@type\":\"EntryPoint\",\"urlTemplate\":\"https:\/\/www.ophtalmo-obernai.com\/de\/?s={search_term_string}\"},\"query-input\":{\"@type\":\"PropertyValueSpecification\",\"valueRequired\":true,\"valueName\":\"search_term_string\"}}],\"inLanguage\":\"de\"},{\"@type\":\"Organization\",\"@id\":\"https:\/\/www.ophtalmo-obernai.com\/de\/#organization\",\"name\":\"Centre Ophtalmologique \u00e0 Obernai - Prendre rendez-vous en ligne\",\"url\":\"https:\/\/www.ophtalmo-obernai.com\/de\/\",\"logo\":{\"@type\":\"ImageObject\",\"inLanguage\":\"de\",\"@id\":\"https:\/\/www.ophtalmo-obernai.com\/de\/#\/schema\/logo\/image\/\",\"url\":\"https:\/\/www.ophtalmo-obernai.com\/wp-content\/uploads\/2025\/11\/logo-centre-ophtalmologie-sainte-odile.svg\",\"contentUrl\":\"https:\/\/www.ophtalmo-obernai.com\/wp-content\/uploads\/2025\/11\/logo-centre-ophtalmologie-sainte-odile.svg\",\"width\":135,\"height\":98,\"caption\":\"Centre Ophtalmologique \u00e0 Obernai - Prendre rendez-vous en ligne\"},\"image\":{\"@id\":\"https:\/\/www.ophtalmo-obernai.com\/de\/#\/schema\/logo\/image\/\"}}]}<\/script>\n<!-- \/ Yoast SEO plugin. -->","yoast_head_json":{"title":"Impressum - Centre Ophtalmologique \u00e0 Obernai - Prendre rendez-vous en ligne","robots":{"index":"index","follow":"follow","max-snippet":"max-snippet:-1","max-image-preview":"max-image-preview:large","max-video-preview":"max-video-preview:-1"},"canonical":"https:\/\/www.ophtalmo-obernai.com\/de\/impressum\/","og_locale":"de_DE","og_type":"article","og_title":"Impressum - Centre Ophtalmologique \u00e0 Obernai - Prendre rendez-vous en ligne","og_description":"Augenheilkundliches Zentrum Bas-Rhin &nbsp; Impressum &nbsp; Herausgeber dieser Website: MID DigitalFirmenname: Augenzentrum Ste-OdileSitz der Gesellschaft: Rue du G\u00e9n\u00e9ral Leclerc 8, 67210 ObernaiVerantwortlich f\u00fcr den Inhalt: Dr. Gim\u00e9nez CarlosTelefon: +33 3 88 49 90 10E-Mail: contact@ophtalmo-obernai.comNominalkapital: 1.000 \u20acRechtsform: Vereinfachte Aktiengesellschaft f\u00fcr freiberufliche T\u00e4tigkeitWebhosting: Infomaniak Network SA\u2028Rue Eug\u00e8ne Marziano 25, 1227 Les Acacias (GE)\u2028T\u00e9l : +33 9 71 03 02 64 OBERNAI Wie gelangen Siezum Zentrum? &nbsp; Bus 1 \u2013 Haltestelle Frepel SNCF Bahnhof Obernai 3 Gehminuten 12 kostenlose Parkpl\u00e4tze vor dem Zentrum verf\u00fcgbar","og_url":"https:\/\/www.ophtalmo-obernai.com\/de\/impressum\/","og_site_name":"Centre Ophtalmologique \u00e0 Obernai - Prendre rendez-vous en ligne","article_modified_time":"2025-11-10T10:02:09+00:00","og_image":[{"url":"https:\/\/www.ophtalmo-obernai.com\/wp-content\/uploads\/2025\/11\/Icon-Comment-se-rendre-au-Centre-Ophtalmo-Obernai.svg","type":"","width":"","height":""}],"twitter_card":"summary_large_image","twitter_misc":{"Gesch\u00e4tzte Lesezeit":"5\u00a0Minuten"},"schema":{"@context":"https:\/\/schema.org","@graph":[{"@type":"WebPage","@id":"https:\/\/www.ophtalmo-obernai.com\/de\/impressum\/","url":"https:\/\/www.ophtalmo-obernai.com\/de\/impressum\/","name":"Impressum - Centre Ophtalmologique \u00e0 Obernai - Prendre rendez-vous en ligne","isPartOf":{"@id":"https:\/\/www.ophtalmo-obernai.com\/de\/#website"},"primaryImageOfPage":{"@id":"https:\/\/www.ophtalmo-obernai.com\/de\/impressum\/#primaryimage"},"image":{"@id":"https:\/\/www.ophtalmo-obernai.com\/de\/impressum\/#primaryimage"},"thumbnailUrl":"https:\/\/www.ophtalmo-obernai.com\/wp-content\/uploads\/2025\/11\/Icon-Comment-se-rendre-au-Centre-Ophtalmo-Obernai.svg","datePublished":"2025-11-06T22:05:32+00:00","dateModified":"2025-11-10T10:02:09+00:00","breadcrumb":{"@id":"https:\/\/www.ophtalmo-obernai.com\/de\/impressum\/#breadcrumb"},"inLanguage":"de","potentialAction":[{"@type":"ReadAction","target":["https:\/\/www.ophtalmo-obernai.com\/de\/impressum\/"]}]},{"@type":"ImageObject","inLanguage":"de","@id":"https:\/\/www.ophtalmo-obernai.com\/de\/impressum\/#primaryimage","url":"https:\/\/www.ophtalmo-obernai.com\/wp-content\/uploads\/2025\/11\/Icon-Comment-se-rendre-au-Centre-Ophtalmo-Obernai.svg","contentUrl":"https:\/\/www.ophtalmo-obernai.com\/wp-content\/uploads\/2025\/11\/Icon-Comment-se-rendre-au-Centre-Ophtalmo-Obernai.svg"},{"@type":"BreadcrumbList","@id":"https:\/\/www.ophtalmo-obernai.com\/de\/impressum\/#breadcrumb","itemListElement":[{"@type":"ListItem","position":1,"name":"Accueil","item":"https:\/\/www.ophtalmo-obernai.com\/de\/"},{"@type":"ListItem","position":2,"name":"Impressum"}]},{"@type":"WebSite","@id":"https:\/\/www.ophtalmo-obernai.com\/de\/#website","url":"https:\/\/www.ophtalmo-obernai.com\/de\/","name":"Centre Ophtalmologique \u00e0 Obernai - Prendre rendez-vous en ligne","description":"Ophtalmologue \u00e0 Obernai","publisher":{"@id":"https:\/\/www.ophtalmo-obernai.com\/de\/#organization"},"potentialAction":[{"@type":"SearchAction","target":{"@type":"EntryPoint","urlTemplate":"https:\/\/www.ophtalmo-obernai.com\/de\/?s={search_term_string}"},"query-input":{"@type":"PropertyValueSpecification","valueRequired":true,"valueName":"search_term_string"}}],"inLanguage":"de"},{"@type":"Organization","@id":"https:\/\/www.ophtalmo-obernai.com\/de\/#organization","name":"Centre Ophtalmologique \u00e0 Obernai - Prendre rendez-vous en ligne","url":"https:\/\/www.ophtalmo-obernai.com\/de\/","logo":{"@type":"ImageObject","inLanguage":"de","@id":"https:\/\/www.ophtalmo-obernai.com\/de\/#\/schema\/logo\/image\/","url":"https:\/\/www.ophtalmo-obernai.com\/wp-content\/uploads\/2025\/11\/logo-centre-ophtalmologie-sainte-odile.svg","contentUrl":"https:\/\/www.ophtalmo-obernai.com\/wp-content\/uploads\/2025\/11\/logo-centre-ophtalmologie-sainte-odile.svg","width":135,"height":98,"caption":"Centre Ophtalmologique \u00e0 Obernai - Prendre rendez-vous en ligne"},"image":{"@id":"https:\/\/www.ophtalmo-obernai.com\/de\/#\/schema\/logo\/image\/"}}]}},"_links":{"self":[{"href":"https:\/\/www.ophtalmo-obernai.com\/de\/wp-json\/wp\/v2\/pages\/263344","targetHints":{"allow":["GET"]}}],"collection":[{"href":"https:\/\/www.ophtalmo-obernai.com\/de\/wp-json\/wp\/v2\/pages"}],"about":[{"href":"https:\/\/www.ophtalmo-obernai.com\/de\/wp-json\/wp\/v2\/types\/page"}],"author":[{"embeddable":true,"href":"https:\/\/www.ophtalmo-obernai.com\/de\/wp-json\/wp\/v2\/users\/1"}],"replies":[{"embeddable":true,"href":"https:\/\/www.ophtalmo-obernai.com\/de\/wp-json\/wp\/v2\/comments?post=263344"}],"version-history":[{"count":2,"href":"https:\/\/www.ophtalmo-obernai.com\/de\/wp-json\/wp\/v2\/pages\/263344\/revisions"}],"predecessor-version":[{"id":263348,"href":"https:\/\/www.ophtalmo-obernai.com\/de\/wp-json\/wp\/v2\/pages\/263344\/revisions\/263348"}],"wp:attachment":[{"href":"https:\/\/www.ophtalmo-obernai.com\/de\/wp-json\/wp\/v2\/media?parent=263344"}],"curies":[{"name":"wp","href":"https:\/\/api.w.org\/{rel}","templated":true}]}}