{"id":263262,"date":"2025-11-06T23:05:32","date_gmt":"2025-11-06T22:05:32","guid":{"rendered":"https:\/\/www.ophtalmo-obernai.com\/legal-notice\/"},"modified":"2025-11-10T10:43:54","modified_gmt":"2025-11-10T09:43:54","slug":"legal-notice","status":"publish","type":"page","link":"https:\/\/www.ophtalmo-obernai.com\/en\/legal-notice\/","title":{"rendered":"Legal Notice"},"content":{"rendered":"<p>[et_pb_section fb_built=&#8221;1&#8243; custom_padding_last_edited=&#8221;on|phone&#8221; _builder_version=&#8221;4.27.4&#8243; _module_preset=&#8221;default&#8221; custom_margin_tablet=&#8221;||0px||false|false&#8221; custom_margin_phone=&#8221;||0px||false|false&#8221; custom_margin_last_edited=&#8221;on|tablet&#8221; custom_padding=&#8221;30px|30px|0px|30px|false|false&#8221; custom_padding_tablet=&#8221;|30px|0px|30px|false|false&#8221; custom_padding_phone=&#8221;30px|30px|0px|30px|false|false&#8221; global_colors_info=&#8221;{}&#8221; theme_builder_area=&#8221;post_content&#8221;][et_pb_row _builder_version=&#8221;4.27.4&#8243; _module_preset=&#8221;default&#8221; width=&#8221;100%&#8221; max_width=&#8221;1200px&#8221; global_colors_info=&#8221;{}&#8221; theme_builder_area=&#8221;post_content&#8221;][et_pb_column type=&#8221;4_4&#8243; _builder_version=&#8221;4.24.2&#8243; _module_preset=&#8221;default&#8221; global_colors_info=&#8221;{}&#8221; theme_builder_area=&#8221;post_content&#8221;][et_pb_text content_tablet=&#8221;<\/p>\n<h1><span>Quality Vision, Specialized Care, Expert Team<\/span><\/h1>\n<\/p>\n<h2>Consultations<\/h2>\n<\/p>\n<p>Ophthalmological consultations are essential for diagnosing visual impairments and maintaining good eye health. Each visual impairment receives tailored treatment.<\/p>\n<p>&#8221; content_phone=&#8221;<\/p>\n<h1><span>Quality Vision, Specialized Care, Expert Team<\/span><\/h1>\n<\/p>\n<h2>Consultations<\/h2>\n<\/p>\n<p>Ophthalmological consultations are essential for diagnosing visual impairments and maintaining good eye health. Each visual impairment receives tailored treatment.<\/p>\n<p>&#8221; content_last_edited=&#8221;off|desktop&#8221; module_id=&#8221;customBlocTopPage&#8221; _builder_version=&#8221;4.27.4&#8243; _module_preset=&#8221;default&#8221; text_font=&#8221;Montserrat||||||||&#8221; text_text_color=&#8221;#000000&#8243; text_font_size=&#8221;16px&#8221; header_font=&#8221;Montserrat||||||||&#8221; header_text_align=&#8221;left&#8221; header_text_color=&#8221;#000000&#8243; header_font_size=&#8221;45px&#8221; header_line_height=&#8221;1.3em&#8221; header_2_font=&#8221;Montserrat||||||||&#8221; header_2_text_align=&#8221;center&#8221; header_2_text_color=&#8221;#000000&#8243; header_2_font_size=&#8221;45px&#8221; header_2_line_height=&#8221;1.3em&#8221; hover_enabled=&#8221;0&#8243; text_font_size_tablet=&#8221;15px&#8221; text_font_size_phone=&#8221;15px&#8221; text_font_size_last_edited=&#8221;on|tablet&#8221; header_font_size_tablet=&#8221;34px&#8221; header_font_size_phone=&#8221;34px&#8221; header_font_size_last_edited=&#8221;on|tablet&#8221; header_2_font_size_tablet=&#8221;34px&#8221; header_2_font_size_phone=&#8221;34px&#8221; header_2_font_size_last_edited=&#8221;on|tablet&#8221; custom_css_free_form=&#8221;#customBlocTopPage p {||  padding-bottom: 0px||}&#8221; global_colors_info=&#8221;{}&#8221; theme_builder_area=&#8221;post_content&#8221; sticky_enabled=&#8221;0&#8243;]<\/p>\n<p><span style=\"color: #007381; font-size: 20px;\">Bas-Rhin Ophthalmology Center<\/span><\/p>\n<p>&nbsp;<\/p>\n<h1>Legal Notice<\/h1>\n<p>&nbsp;<\/p>\n<p>This site is published by: MID Digital<br \/>Legal name: Centre d\u2019Ophtalmologie Ste-Odile<br \/>Registered office address: 8 rue du G\u00e9n\u00e9ral Leclerc, 67210 Obernai<br \/>Editorial Director: Dr. Gim\u00e9nez Carlos<br \/>Phone: +33 3 88 49 90 10<br \/>Contact email: contact@ophtalmo-obernai.com<br \/>Share capital: \u20ac1,000<br \/>Legal form: Simplified Joint-Stock Company for Liberal Practice<br \/>This site is hosted by: Infomaniak Network SA\u2028Rue Eug\u00e8ne Marziano 25, 1227 Les Acacias (GE)\u2028T\u00e9l : +33 9 71 03 02 64 <\/p>\n<p>[\/et_pb_text][\/et_pb_column][\/et_pb_row][\/et_pb_section][et_pb_section fb_built=&#8221;1&#8243; custom_padding_last_edited=&#8221;on|phone&#8221; module_id=&#8221;mapLocate&#8221; _builder_version=&#8221;4.27.4&#8243; _module_preset=&#8221;default&#8221; positioning=&#8221;none&#8221; custom_margin=&#8221;||50px||false|false&#8221; custom_margin_tablet=&#8221;||50px||false|false&#8221; custom_margin_phone=&#8221;||50px||false|false&#8221; custom_margin_last_edited=&#8221;on|tablet&#8221; custom_padding=&#8221;|30px||30px|false|false&#8221; custom_padding_tablet=&#8221;|30px||30px|false|false&#8221; custom_padding_phone=&#8221;0px||||false|false&#8221; saved_tabs=&#8221;all&#8221; global_colors_info=&#8221;{}&#8221; global_module=&#8221;262892&#8243; theme_builder_area=&#8221;post_content&#8221;][et_pb_row column_structure=&#8221;1_2,1_2&#8243; use_custom_gutter=&#8221;on&#8221; gutter_width=&#8221;1&#8243; make_equal=&#8221;on&#8221; _builder_version=&#8221;4.27.4&#8243; _module_preset=&#8221;default&#8221; background_color=&#8221;rgba(217,217,217,0.3)&#8221; positioning=&#8221;none&#8221; width=&#8221;100%&#8221; max_width=&#8221;1170px&#8221; custom_padding=&#8221;0px||0px||false|false&#8221; border_radii=&#8221;on|28px|28px|28px|28px&#8221; global_colors_info=&#8221;{}&#8221; theme_builder_area=&#8221;post_content&#8221;][et_pb_column type=&#8221;1_2&#8243; _builder_version=&#8221;4.27.4&#8243; _module_preset=&#8221;default&#8221; positioning=&#8221;none&#8221; z_index=&#8221;0&#8243; global_colors_info=&#8221;{}&#8221; theme_builder_area=&#8221;post_content&#8221;][et_pb_text content_tablet=&#8221;<\/p>\n<\/p>\n<h2>Vision Future Switzerland<\/h2>\n<h3>How to get to the Clinic<\/h3>\n<\/p>\n<p><img src=%22https:\/\/www.visionfuturesuisse.ch\/wp-content\/uploads\/\/FontAwsome-walking.svg%22 width=%2215%22 height=%2224%22 alt=%22%22 class=%22wp-image-3135 alignnone size-full%22 style=%22float: left;%22> 10-minute walk from Nyon railway station<\/p>\n<p><img src=%22https:\/\/www.visionfuturesuisse.ch\/wp-content\/uploads\/\/FontAwsome-car-alt.svg%22 width=%2225%22 height=%2220%22 alt=%22%22 class=%22wp-image-3136 alignnone size-full%22 style=%22float: left;%22> 5-minute drive from freeway (exit 11)<\/p>\n<p><img src=%22https:\/\/www.visionfuturesuisse.ch\/wp-content\/uploads\/\/FontAwsome-parking.svg%22 width=%2224%22 height=%2224%22 alt=%22%22 class=%22wp-image-3137 alignnone size-full%22 style=%22float: left;%22> Parking spaces are available in front of the clinic<\/p>\n<\/p>\n<p>&#8221; content_phone=&#8221;<\/p>\n<\/p>\n<h2>Vision Future Switzerland<\/h2>\n<h3>How to get to the Clinic<\/h3>\n<\/p>\n<p><img src=%22https:\/\/www.visionfuturesuisse.ch\/wp-content\/uploads\/\/FontAwsome-walking.svg%22 width=%2215%22 height=%2224%22 alt=%22%22 class=%22wp-image-3135 alignnone size-full%22 style=%22float: left;%22> 10-minute walk from Nyon railway station<\/p>\n<p><img src=%22https:\/\/www.visionfuturesuisse.ch\/wp-content\/uploads\/\/FontAwsome-car-alt.svg%22 width=%2225%22 height=%2220%22 alt=%22%22 class=%22wp-image-3136 alignnone size-full%22 style=%22float: left;%22> 5-minute drive from freeway (exit 11)<\/p>\n<p><img src=%22https:\/\/www.visionfuturesuisse.ch\/wp-content\/uploads\/\/FontAwsome-parking.svg%22 width=%2224%22 height=%2224%22 alt=%22%22 class=%22wp-image-3137 alignnone size-full%22 style=%22float: left;%22> Parking spaces are available in front of the clinic<\/p>\n<\/p>\n<p>&#8221; content_last_edited=&#8221;off|desktop&#8221; module_id=&#8221;cardCustomRendre&#8221; _builder_version=&#8221;4.27.4&#8243; _module_preset=&#8221;default&#8221; text_font=&#8221;Montserrat||||||||&#8221; text_text_color=&#8221;#020a38&#8243; text_font_size=&#8221;16px&#8221; header_2_font=&#8221;Montserrat|500|||||||&#8221; header_2_text_align=&#8221;left&#8221; header_2_text_color=&#8221;#019fb2&#8243; header_2_font_size=&#8221;18px&#8221; header_2_line_height=&#8221;1.8em&#8221; header_3_font=&#8221;Montserrat||||||||&#8221; header_3_text_align=&#8221;left&#8221; header_3_text_color=&#8221;#020a38&#8243; header_3_font_size=&#8221;35px&#8221; header_3_line_height=&#8221;1.3em&#8221; custom_margin=&#8221;||||false|false&#8221; custom_padding=&#8221;40px|50px|40px|50px|true|true&#8221; custom_padding_tablet=&#8221;&#8221; custom_padding_phone=&#8221;40px|20px|40px|20px|true|true&#8221; custom_padding_last_edited=&#8221;on|phone&#8221; text_font_size_tablet=&#8221;15px&#8221; text_font_size_phone=&#8221;14px&#8221; text_font_size_last_edited=&#8221;on|tablet&#8221; header_3_font_size_tablet=&#8221;24px&#8221; header_3_font_size_phone=&#8221;&#8221; header_3_font_size_last_edited=&#8221;on|tablet&#8221; custom_css_free_form=&#8221;div#cardCustomRendre img {||    height: 25px;||    margin-right: 10px;||}||div#cardCustomRendre p:nth-child(4) img {||    position: relative;||    left: 6px;||}||div#cardCustomRendre p:nth-child(4) img {||    position: relative;||    left: 6px;||    margin-right: 20px;||}||span.footer2icon.footericon {||    display: inline-block;||    margin-top: 15px;||    margin-bottom: 15px;||}&#8221; global_colors_info=&#8221;{}&#8221; theme_builder_area=&#8221;post_content&#8221;]<\/p>\n<h2>OBERNAI<\/h2>\n<h3>How to get<br \/>to the Center?<\/h3>\n<p>&nbsp;<\/p>\n<p><span class=\"footer1icon footericon\"><img loading=\"lazy\" decoding=\"async\" src=\"https:\/\/www.ophtalmo-obernai.com\/wp-content\/uploads\/2025\/11\/Icon-Comment-se-rendre-au-Centre-Ophtalmo-Obernai.svg\" width=\"15\" height=\"24\" alt=\"\" class=\"wp-image-3135 alignnone size-full\" style=\"float: left;\">Bus 1 &#8211; Frepel Stop<\/span><\/p>\n<p><span class=\"footer2icon footericon\"><img loading=\"lazy\" decoding=\"async\" src=\"https:\/\/www.ophtalmo-obernai.com\/wp-content\/uploads\/2025\/11\/Icon-Comment-se-rendre-au-Centre-SNCF-Ophtalmo-Obernai.svg\" width=\"25\" height=\"20\" alt=\"\" class=\"wp-image-3136 alignnone size-full\" style=\"float: left;\">Obernai SNCF Station 3 minutes walk<\/span><\/p>\n<p><span class=\"footer3icon footericon\"><img loading=\"lazy\" decoding=\"async\" src=\"https:\/\/www.ophtalmo-obernai.com\/wp-content\/uploads\/2025\/11\/Icon-Comment-se-rendre-au-Centre-parking-Ophtalmo-Obernai.svg\" width=\"24\" height=\"24\" alt=\"\" class=\"wp-image-3137 alignnone size-full\" style=\"float: left;\">12 free parking spaces available in front of the center<\/span><\/p>\n<p>[\/et_pb_text][et_pb_button button_url=&#8221;@ET-DC@eyJkeW5hbWljIjp0cnVlLCJjb250ZW50IjoicG9zdF9saW5rX3VybF9wYWdlIiwic2V0dGluZ3MiOnsicG9zdF9pZCI6IjQxNDIifX0=@&#8221; button_text=&#8221;Book an appointment online&#8221; button_alignment=&#8221;center&#8221; _builder_version=&#8221;4.27.4&#8243; _dynamic_attributes=&#8221;button_url&#8221; _module_preset=&#8221;default&#8221; custom_button=&#8221;on&#8221; button_text_size=&#8221;16px&#8221; button_text_color=&#8221;#FFFFFF&#8221; button_bg_color=&#8221;#007381&#8243; button_border_color=&#8221;#007381&#8243; button_border_radius=&#8221;31px&#8221; button_font=&#8221;Montserrat|500|||||||&#8221; custom_margin=&#8221;50px||||false|false&#8221; custom_margin_tablet=&#8221;20px||50px||false|false&#8221; custom_margin_phone=&#8221;&#8221; custom_margin_last_edited=&#8221;on|tablet&#8221; custom_padding=&#8221;10px||10px||false|false&#8221; box_shadow_style=&#8221;preset3&#8243; global_colors_info=&#8221;{}&#8221; button_bg_color__hover_enabled=&#8221;on|hover&#8221; button_bg_color__hover=&#8221;#007381&#8243; button_bg_enable_color__hover=&#8221;on&#8221; button_border_color__hover_enabled=&#8221;on|hover&#8221; button_border_color__hover=&#8221;#007381&#8243; theme_builder_area=&#8221;post_content&#8221;][\/et_pb_button][\/et_pb_column][et_pb_column type=&#8221;1_2&#8243; _builder_version=&#8221;4.24.2&#8243; _module_preset=&#8221;default&#8221; positioning=&#8221;none&#8221; z_index=&#8221;0&#8243; global_colors_info=&#8221;{}&#8221; theme_builder_area=&#8221;post_content&#8221;][dsm_embed_google_map address=&#8221; Sainte Odile Ophthalmology Center&#8221; zoom=&#8221;14&#8243; _builder_version=&#8221;4.27.4&#8243; _module_preset=&#8221;default&#8221; height=&#8221;550px&#8221; custom_margin=&#8221;0px||0px||false|false&#8221; custom_padding=&#8221;0px||0px||false|false&#8221; global_colors_info=&#8221;{}&#8221; theme_builder_area=&#8221;post_content&#8221;][\/dsm_embed_google_map][\/et_pb_column][\/et_pb_row][\/et_pb_section]<\/p>\n","protected":false},"excerpt":{"rendered":"<p>Bas-Rhin Ophthalmology Center &nbsp; Legal Notice &nbsp; This site is published by: MID DigitalLegal name: Centre d\u2019Ophtalmologie Ste-OdileRegistered office address: 8 rue du G\u00e9n\u00e9ral Leclerc, 67210 ObernaiEditorial Director: Dr. Gim\u00e9nez CarlosPhone: +33 3 88 49 90 10Contact email: contact@ophtalmo-obernai.comShare capital: \u20ac1,000Legal form: Simplified Joint-Stock Company for Liberal PracticeThis site is hosted by: Infomaniak Network SA\u2028Rue Eug\u00e8ne Marziano 25, 1227 Les Acacias (GE)\u2028T\u00e9l : +33 9 71 03 02 64 OBERNAI How to getto the Center? &nbsp; Bus 1 &#8211; Frepel Stop Obernai SNCF Station 3 minutes walk 12 free parking spaces available in front of the center<div class=\"et_pb_module dsm_embed_google_map dsm_embed_google_map_0\">\n\t\t\t\t\n\t\t\t\t\n\t\t\t\t\n\t\t\t\t\n\t\t\t\t\n\t\t\t\t\n\t\t\t\t<div class=\"et_pb_module_inner\">\n\t\t\t\t\t<iframe loading=\"lazy\" frameborder=\"0\" scrolling=\"no\" marginheight=\"0\" marginwidth=\"0\" referrerPolicy=\"no-referrer-when-downgrade\" src=\"https:\/\/maps.google.com\/maps?q=%20Sainte%20Odile%20Ophthalmology%20Center&amp;t=m&amp;z=14&amp;output=embed&amp;iwloc=near&hl=en_US\" aria-label=\" Sainte Odile Ophthalmology Center\"><\/iframe>\n\t\t\t\t<\/div>\n\t\t\t<\/div><\/p>\n","protected":false},"author":1,"featured_media":0,"parent":0,"menu_order":0,"comment_status":"closed","ping_status":"closed","template":"","meta":{"_et_pb_use_builder":"on","_et_pb_old_content":"","_et_gb_content_width":"","inline_featured_image":false,"footnotes":""},"class_list":["post-263262","page","type-page","status-publish","hentry"],"yoast_head":"<!-- This site is optimized with the Yoast SEO plugin v27.1.1 - https:\/\/yoast.com\/product\/yoast-seo-wordpress\/ -->\n<title>Legal Notice - Centre Ophtalmologique \u00e0 Obernai - Prendre rendez-vous en ligne<\/title>\n<meta name=\"robots\" content=\"index, follow, max-snippet:-1, max-image-preview:large, max-video-preview:-1\" \/>\n<link rel=\"canonical\" href=\"https:\/\/www.ophtalmo-obernai.com\/en\/legal-notice\/\" \/>\n<meta property=\"og:locale\" content=\"en_US\" \/>\n<meta property=\"og:type\" content=\"article\" \/>\n<meta property=\"og:title\" content=\"Legal Notice - Centre Ophtalmologique \u00e0 Obernai - Prendre rendez-vous en ligne\" \/>\n<meta property=\"og:description\" content=\"Bas-Rhin Ophthalmology Center &nbsp; Legal Notice &nbsp; This site is published by: MID DigitalLegal name: Centre d\u2019Ophtalmologie Ste-OdileRegistered office address: 8 rue du G\u00e9n\u00e9ral Leclerc, 67210 ObernaiEditorial Director: Dr. Gim\u00e9nez CarlosPhone: +33 3 88 49 90 10Contact email: contact@ophtalmo-obernai.comShare capital: \u20ac1,000Legal form: Simplified Joint-Stock Company for Liberal PracticeThis site is hosted by: Infomaniak Network SA\u2028Rue Eug\u00e8ne Marziano 25, 1227 Les Acacias (GE)\u2028T\u00e9l : +33 9 71 03 02 64 OBERNAI How to getto the Center? &nbsp; Bus 1 - Frepel Stop Obernai SNCF Station 3 minutes walk 12 free parking spaces available in front of the center\" \/>\n<meta property=\"og:url\" content=\"https:\/\/www.ophtalmo-obernai.com\/en\/legal-notice\/\" \/>\n<meta property=\"og:site_name\" content=\"Centre Ophtalmologique \u00e0 Obernai - Prendre rendez-vous en ligne\" \/>\n<meta property=\"article:modified_time\" content=\"2025-11-10T09:43:54+00:00\" \/>\n<meta property=\"og:image\" content=\"https:\/\/www.ophtalmo-obernai.com\/wp-content\/uploads\/2025\/11\/Icon-Comment-se-rendre-au-Centre-Ophtalmo-Obernai.svg\" \/>\n<meta name=\"twitter:card\" content=\"summary_large_image\" \/>\n<meta name=\"twitter:label1\" content=\"Est. reading time\" \/>\n\t<meta name=\"twitter:data1\" content=\"5 minutes\" \/>\n<script type=\"application\/ld+json\" class=\"yoast-schema-graph\">{\"@context\":\"https:\/\/schema.org\",\"@graph\":[{\"@type\":\"WebPage\",\"@id\":\"https:\/\/www.ophtalmo-obernai.com\/en\/legal-notice\/\",\"url\":\"https:\/\/www.ophtalmo-obernai.com\/en\/legal-notice\/\",\"name\":\"Legal Notice - Centre Ophtalmologique \u00e0 Obernai - Prendre rendez-vous en ligne\",\"isPartOf\":{\"@id\":\"https:\/\/www.ophtalmo-obernai.com\/en\/#website\"},\"primaryImageOfPage\":{\"@id\":\"https:\/\/www.ophtalmo-obernai.com\/en\/legal-notice\/#primaryimage\"},\"image\":{\"@id\":\"https:\/\/www.ophtalmo-obernai.com\/en\/legal-notice\/#primaryimage\"},\"thumbnailUrl\":\"https:\/\/www.ophtalmo-obernai.com\/wp-content\/uploads\/2025\/11\/Icon-Comment-se-rendre-au-Centre-Ophtalmo-Obernai.svg\",\"datePublished\":\"2025-11-06T22:05:32+00:00\",\"dateModified\":\"2025-11-10T09:43:54+00:00\",\"breadcrumb\":{\"@id\":\"https:\/\/www.ophtalmo-obernai.com\/en\/legal-notice\/#breadcrumb\"},\"inLanguage\":\"en-US\",\"potentialAction\":[{\"@type\":\"ReadAction\",\"target\":[\"https:\/\/www.ophtalmo-obernai.com\/en\/legal-notice\/\"]}]},{\"@type\":\"ImageObject\",\"inLanguage\":\"en-US\",\"@id\":\"https:\/\/www.ophtalmo-obernai.com\/en\/legal-notice\/#primaryimage\",\"url\":\"https:\/\/www.ophtalmo-obernai.com\/wp-content\/uploads\/2025\/11\/Icon-Comment-se-rendre-au-Centre-Ophtalmo-Obernai.svg\",\"contentUrl\":\"https:\/\/www.ophtalmo-obernai.com\/wp-content\/uploads\/2025\/11\/Icon-Comment-se-rendre-au-Centre-Ophtalmo-Obernai.svg\"},{\"@type\":\"BreadcrumbList\",\"@id\":\"https:\/\/www.ophtalmo-obernai.com\/en\/legal-notice\/#breadcrumb\",\"itemListElement\":[{\"@type\":\"ListItem\",\"position\":1,\"name\":\"Accueil\",\"item\":\"https:\/\/www.ophtalmo-obernai.com\/en\/\"},{\"@type\":\"ListItem\",\"position\":2,\"name\":\"Legal Notice\"}]},{\"@type\":\"WebSite\",\"@id\":\"https:\/\/www.ophtalmo-obernai.com\/en\/#website\",\"url\":\"https:\/\/www.ophtalmo-obernai.com\/en\/\",\"name\":\"Centre Ophtalmologique \u00e0 Obernai - Prendre rendez-vous en ligne\",\"description\":\"Ophtalmologue \u00e0 Obernai\",\"publisher\":{\"@id\":\"https:\/\/www.ophtalmo-obernai.com\/en\/#organization\"},\"potentialAction\":[{\"@type\":\"SearchAction\",\"target\":{\"@type\":\"EntryPoint\",\"urlTemplate\":\"https:\/\/www.ophtalmo-obernai.com\/en\/?s={search_term_string}\"},\"query-input\":{\"@type\":\"PropertyValueSpecification\",\"valueRequired\":true,\"valueName\":\"search_term_string\"}}],\"inLanguage\":\"en-US\"},{\"@type\":\"Organization\",\"@id\":\"https:\/\/www.ophtalmo-obernai.com\/en\/#organization\",\"name\":\"Centre Ophtalmologique \u00e0 Obernai - Prendre rendez-vous en ligne\",\"url\":\"https:\/\/www.ophtalmo-obernai.com\/en\/\",\"logo\":{\"@type\":\"ImageObject\",\"inLanguage\":\"en-US\",\"@id\":\"https:\/\/www.ophtalmo-obernai.com\/en\/#\/schema\/logo\/image\/\",\"url\":\"https:\/\/www.ophtalmo-obernai.com\/wp-content\/uploads\/2025\/11\/logo-centre-ophtalmologie-sainte-odile.svg\",\"contentUrl\":\"https:\/\/www.ophtalmo-obernai.com\/wp-content\/uploads\/2025\/11\/logo-centre-ophtalmologie-sainte-odile.svg\",\"width\":135,\"height\":98,\"caption\":\"Centre Ophtalmologique \u00e0 Obernai - Prendre rendez-vous en ligne\"},\"image\":{\"@id\":\"https:\/\/www.ophtalmo-obernai.com\/en\/#\/schema\/logo\/image\/\"}}]}<\/script>\n<!-- \/ Yoast SEO plugin. -->","yoast_head_json":{"title":"Legal Notice - Centre Ophtalmologique \u00e0 Obernai - Prendre rendez-vous en ligne","robots":{"index":"index","follow":"follow","max-snippet":"max-snippet:-1","max-image-preview":"max-image-preview:large","max-video-preview":"max-video-preview:-1"},"canonical":"https:\/\/www.ophtalmo-obernai.com\/en\/legal-notice\/","og_locale":"en_US","og_type":"article","og_title":"Legal Notice - Centre Ophtalmologique \u00e0 Obernai - Prendre rendez-vous en ligne","og_description":"Bas-Rhin Ophthalmology Center &nbsp; Legal Notice &nbsp; This site is published by: MID DigitalLegal name: Centre d\u2019Ophtalmologie Ste-OdileRegistered office address: 8 rue du G\u00e9n\u00e9ral Leclerc, 67210 ObernaiEditorial Director: Dr. Gim\u00e9nez CarlosPhone: +33 3 88 49 90 10Contact email: contact@ophtalmo-obernai.comShare capital: \u20ac1,000Legal form: Simplified Joint-Stock Company for Liberal PracticeThis site is hosted by: Infomaniak Network SA\u2028Rue Eug\u00e8ne Marziano 25, 1227 Les Acacias (GE)\u2028T\u00e9l : +33 9 71 03 02 64 OBERNAI How to getto the Center? &nbsp; Bus 1 - Frepel Stop Obernai SNCF Station 3 minutes walk 12 free parking spaces available in front of the center","og_url":"https:\/\/www.ophtalmo-obernai.com\/en\/legal-notice\/","og_site_name":"Centre Ophtalmologique \u00e0 Obernai - Prendre rendez-vous en ligne","article_modified_time":"2025-11-10T09:43:54+00:00","og_image":[{"url":"https:\/\/www.ophtalmo-obernai.com\/wp-content\/uploads\/2025\/11\/Icon-Comment-se-rendre-au-Centre-Ophtalmo-Obernai.svg","type":"","width":"","height":""}],"twitter_card":"summary_large_image","twitter_misc":{"Est. reading time":"5 minutes"},"schema":{"@context":"https:\/\/schema.org","@graph":[{"@type":"WebPage","@id":"https:\/\/www.ophtalmo-obernai.com\/en\/legal-notice\/","url":"https:\/\/www.ophtalmo-obernai.com\/en\/legal-notice\/","name":"Legal Notice - Centre Ophtalmologique \u00e0 Obernai - Prendre rendez-vous en ligne","isPartOf":{"@id":"https:\/\/www.ophtalmo-obernai.com\/en\/#website"},"primaryImageOfPage":{"@id":"https:\/\/www.ophtalmo-obernai.com\/en\/legal-notice\/#primaryimage"},"image":{"@id":"https:\/\/www.ophtalmo-obernai.com\/en\/legal-notice\/#primaryimage"},"thumbnailUrl":"https:\/\/www.ophtalmo-obernai.com\/wp-content\/uploads\/2025\/11\/Icon-Comment-se-rendre-au-Centre-Ophtalmo-Obernai.svg","datePublished":"2025-11-06T22:05:32+00:00","dateModified":"2025-11-10T09:43:54+00:00","breadcrumb":{"@id":"https:\/\/www.ophtalmo-obernai.com\/en\/legal-notice\/#breadcrumb"},"inLanguage":"en-US","potentialAction":[{"@type":"ReadAction","target":["https:\/\/www.ophtalmo-obernai.com\/en\/legal-notice\/"]}]},{"@type":"ImageObject","inLanguage":"en-US","@id":"https:\/\/www.ophtalmo-obernai.com\/en\/legal-notice\/#primaryimage","url":"https:\/\/www.ophtalmo-obernai.com\/wp-content\/uploads\/2025\/11\/Icon-Comment-se-rendre-au-Centre-Ophtalmo-Obernai.svg","contentUrl":"https:\/\/www.ophtalmo-obernai.com\/wp-content\/uploads\/2025\/11\/Icon-Comment-se-rendre-au-Centre-Ophtalmo-Obernai.svg"},{"@type":"BreadcrumbList","@id":"https:\/\/www.ophtalmo-obernai.com\/en\/legal-notice\/#breadcrumb","itemListElement":[{"@type":"ListItem","position":1,"name":"Accueil","item":"https:\/\/www.ophtalmo-obernai.com\/en\/"},{"@type":"ListItem","position":2,"name":"Legal Notice"}]},{"@type":"WebSite","@id":"https:\/\/www.ophtalmo-obernai.com\/en\/#website","url":"https:\/\/www.ophtalmo-obernai.com\/en\/","name":"Centre Ophtalmologique \u00e0 Obernai - Prendre rendez-vous en ligne","description":"Ophtalmologue \u00e0 Obernai","publisher":{"@id":"https:\/\/www.ophtalmo-obernai.com\/en\/#organization"},"potentialAction":[{"@type":"SearchAction","target":{"@type":"EntryPoint","urlTemplate":"https:\/\/www.ophtalmo-obernai.com\/en\/?s={search_term_string}"},"query-input":{"@type":"PropertyValueSpecification","valueRequired":true,"valueName":"search_term_string"}}],"inLanguage":"en-US"},{"@type":"Organization","@id":"https:\/\/www.ophtalmo-obernai.com\/en\/#organization","name":"Centre Ophtalmologique \u00e0 Obernai - Prendre rendez-vous en ligne","url":"https:\/\/www.ophtalmo-obernai.com\/en\/","logo":{"@type":"ImageObject","inLanguage":"en-US","@id":"https:\/\/www.ophtalmo-obernai.com\/en\/#\/schema\/logo\/image\/","url":"https:\/\/www.ophtalmo-obernai.com\/wp-content\/uploads\/2025\/11\/logo-centre-ophtalmologie-sainte-odile.svg","contentUrl":"https:\/\/www.ophtalmo-obernai.com\/wp-content\/uploads\/2025\/11\/logo-centre-ophtalmologie-sainte-odile.svg","width":135,"height":98,"caption":"Centre Ophtalmologique \u00e0 Obernai - Prendre rendez-vous en ligne"},"image":{"@id":"https:\/\/www.ophtalmo-obernai.com\/en\/#\/schema\/logo\/image\/"}}]}},"_links":{"self":[{"href":"https:\/\/www.ophtalmo-obernai.com\/en\/wp-json\/wp\/v2\/pages\/263262","targetHints":{"allow":["GET"]}}],"collection":[{"href":"https:\/\/www.ophtalmo-obernai.com\/en\/wp-json\/wp\/v2\/pages"}],"about":[{"href":"https:\/\/www.ophtalmo-obernai.com\/en\/wp-json\/wp\/v2\/types\/page"}],"author":[{"embeddable":true,"href":"https:\/\/www.ophtalmo-obernai.com\/en\/wp-json\/wp\/v2\/users\/1"}],"replies":[{"embeddable":true,"href":"https:\/\/www.ophtalmo-obernai.com\/en\/wp-json\/wp\/v2\/comments?post=263262"}],"version-history":[{"count":2,"href":"https:\/\/www.ophtalmo-obernai.com\/en\/wp-json\/wp\/v2\/pages\/263262\/revisions"}],"predecessor-version":[{"id":263264,"href":"https:\/\/www.ophtalmo-obernai.com\/en\/wp-json\/wp\/v2\/pages\/263262\/revisions\/263264"}],"wp:attachment":[{"href":"https:\/\/www.ophtalmo-obernai.com\/en\/wp-json\/wp\/v2\/media?parent=263262"}],"curies":[{"name":"wp","href":"https:\/\/api.w.org\/{rel}","templated":true}]}}